{"id":75,"date":"2026-01-10T14:22:28","date_gmt":"2026-01-10T11:22:28","guid":{"rendered":"http:\/\/rumkaletur.com\/?page_id=75"},"modified":"2026-01-11T23:13:27","modified_gmt":"2026-01-11T20:13:27","slug":"ana-sayfa","status":"publish","type":"page","link":"https:\/\/rumkaletur.com\/","title":{"rendered":"Rumkaletur"},"content":{"rendered":"\n<h2 class=\"wp-block-heading\"><\/h2>\n\n\n\n<p><strong> Tarihin Kalbine Modern Bir Yolculuk<\/strong><\/p>\n\n\n\n<h3 class=\"wp-block-heading\">Neden Rumkaletur?<\/h3>\n\n\n\n<p>G\u00fcneydo\u011fu Anadolu\u2019nun mistik atmosferini; <strong>G\u00f6beklitepe<\/strong>\u2019nin gizeminden <strong>Mardin<\/strong>\u2019in ta\u015f sokaklar\u0131na, <strong>Gaziantep<\/strong>\u2019in e\u015fsiz lezzet duraklar\u0131ndan F\u0131rat\u2019\u0131n serin sular\u0131na kadar her detay\u0131yla titizlikle planl\u0131yoruz. 2025 y\u0131l\u0131 itibar\u0131yla sekt\u00f6rde &#8220;ki\u015fiselle\u015ftirilmi\u015f deneyim&#8221; ve &#8220;nitelikli turizm&#8221; odakl\u0131 yakla\u015f\u0131m\u0131m\u0131zla fark yarat\u0131yoruz.<\/p>\n\n\n\n<ul class=\"wp-block-list\">\n<li><strong>B\u00f6lgesel Uzmanl\u0131k:<\/strong> Umre, Rumkale, Nemrut, Urfa ve Mardin hatt\u0131nda b\u00f6lgeyi en iyi bilen profesyonel ekibimizle hizmet veriyoruz.<\/li>\n\n\n\n<li><strong>Konfor ve G\u00fcven:<\/strong> Yolculu\u011funuzun her an\u0131nda y\u00fcksek standartl\u0131 ula\u015f\u0131m ve konaklama \u00e7\u00f6z\u00fcmleri sunuyoruz.<\/li>\n\n\n\n<li><strong>S\u00fcrd\u00fcr\u00fclebilir Turizm:<\/strong> K\u00fclt\u00fcrel miras\u0131m\u0131za sahip \u00e7\u0131k\u0131yor, yerel kalk\u0131nmay\u0131 destekleyen turizm modellerini benimsiyoruz.<\/li>\n<\/ul>\n\n\n\n<hr class=\"wp-block-separator has-alpha-channel-opacity is-style-wide\"\/>\n\n\n<div class=\"wp-block-image\">\n<figure class=\"alignleft size-medium\"><img loading=\"lazy\" decoding=\"async\" width=\"300\" height=\"184\" src=\"http:\/\/rumkaletur.com\/wp-content\/uploads\/2026\/01\/rumkale-turu-gaziantep-300x184.png\" alt=\"\" class=\"wp-image-122\" srcset=\"https:\/\/rumkaletur.com\/wp-content\/uploads\/2026\/01\/rumkale-turu-gaziantep-300x184.png 300w, https:\/\/rumkaletur.com\/wp-content\/uploads\/2026\/01\/rumkale-turu-gaziantep-768x471.png 768w, https:\/\/rumkaletur.com\/wp-content\/uploads\/2026\/01\/rumkale-turu-gaziantep.png 935w\" sizes=\"auto, (max-width: 300px) 100vw, 300px\" \/><\/figure>\n<\/div>\n\n\n<p><strong>Rumkale Turu<\/strong><\/p>\n\n\n\n<p><strong>Tarihin F\u0131rat\u2019la kucakla\u015ft\u0131\u011f\u0131 b\u00fcy\u00fcl\u00fc bir yolculuk<\/strong><\/p>\n\n\n\n<p>F\u0131rat Nehri\u2019nin sakin sular\u0131nda ilerlerken, y\u00fczy\u0131llar\u0131n sessiz tan\u0131\u011f\u0131 Rumkale t\u00fcm ihti\u015fam\u0131yla kar\u015f\u0131n\u0131za \u00e7\u0131kar. Tekneyle yap\u0131lan bu keyifli yolculukta, do\u011fan\u0131n huzuru ile tarihin derinli\u011fi bir araya gelir.<br>Rumkale, sadece bir gezi de\u011fil; foto\u011fraf karelerine s\u0131\u011fmayacak kadar etkileyici bir deneyimdir. G\u00fcn\u00fcn stresinden uzakla\u015fmak, farkl\u0131 bir atmosferde nefes almak isteyenler i\u00e7in vazge\u00e7ilmez bir rota.<\/p>\n\n\n\n<hr class=\"wp-block-separator has-alpha-channel-opacity is-style-wide\"\/>\n\n\n<div class=\"wp-block-image\">\n<figure class=\"alignleft size-medium\"><img loading=\"lazy\" decoding=\"async\" width=\"300\" height=\"185\" src=\"http:\/\/rumkaletur.com\/wp-content\/uploads\/2026\/01\/Mardin-turu-gaziantep-300x185.png\" alt=\"\" class=\"wp-image-128\" srcset=\"https:\/\/rumkaletur.com\/wp-content\/uploads\/2026\/01\/Mardin-turu-gaziantep-300x185.png 300w, https:\/\/rumkaletur.com\/wp-content\/uploads\/2026\/01\/Mardin-turu-gaziantep-768x472.png 768w, https:\/\/rumkaletur.com\/wp-content\/uploads\/2026\/01\/Mardin-turu-gaziantep.png 998w\" sizes=\"auto, (max-width: 300px) 100vw, 300px\" \/><\/figure>\n<\/div>\n\n\n<p><strong>Mardin Turu<\/strong><\/p>\n\n\n\n<p><strong>Ta\u015f evlerin aras\u0131nda zamana yolculuk<\/strong> Mardin, her soka\u011f\u0131nda farkl\u0131 bir hik\u00e2ye bar\u0131nd\u0131ran masals\u0131 bir \u015fehir\u2026<br>Mezopotamya Ovas\u0131\u2019na bakan teraslar, ta\u015f i\u015f\u00e7ili\u011finin zirvesi yap\u0131lar ve k\u00fclt\u00fcrlerin i\u00e7 i\u00e7e ge\u00e7ti\u011fi atmosferiyle Mardin, geleni kendine hayran b\u0131rak\u0131r.<br>Bu turda hem tarihle bulu\u015facak hem de e\u015fsiz foto\u011fraflar \u00e7ekerek unutulmaz an\u0131lar biriktireceksiniz.<\/p>\n\n\n\n<hr class=\"wp-block-separator has-alpha-channel-opacity is-style-wide\"\/>\n\n\n<div class=\"wp-block-image\">\n<figure class=\"alignleft size-medium\"><img loading=\"lazy\" decoding=\"async\" width=\"300\" height=\"200\" src=\"http:\/\/rumkaletur.com\/wp-content\/uploads\/2026\/01\/balikli-gol-turu-382222227-b-2-300x200.jpg\" alt=\"\" class=\"wp-image-130\" srcset=\"https:\/\/rumkaletur.com\/wp-content\/uploads\/2026\/01\/balikli-gol-turu-382222227-b-2-300x200.jpg 300w, https:\/\/rumkaletur.com\/wp-content\/uploads\/2026\/01\/balikli-gol-turu-382222227-b-2-1024x683.jpg 1024w, https:\/\/rumkaletur.com\/wp-content\/uploads\/2026\/01\/balikli-gol-turu-382222227-b-2-768x512.jpg 768w, https:\/\/rumkaletur.com\/wp-content\/uploads\/2026\/01\/balikli-gol-turu-382222227-b-2-840x560.jpg 840w, https:\/\/rumkaletur.com\/wp-content\/uploads\/2026\/01\/balikli-gol-turu-382222227-b-2-120x80.jpg 120w, https:\/\/rumkaletur.com\/wp-content\/uploads\/2026\/01\/balikli-gol-turu-382222227-b-2-360x240.jpg 360w, https:\/\/rumkaletur.com\/wp-content\/uploads\/2026\/01\/balikli-gol-turu-382222227-b-2-600x400.jpg 600w, https:\/\/rumkaletur.com\/wp-content\/uploads\/2026\/01\/balikli-gol-turu-382222227-b-2.jpg 1200w\" sizes=\"auto, (max-width: 300px) 100vw, 300px\" \/><\/figure>\n<\/div>\n\n\n<p><strong>Bal\u0131kl\u0131g\u00f6l Turu<\/strong><\/p>\n\n\n\n<p><strong>\u0130nanc\u0131n, huzurun ve tarihin kalbi<\/strong> \u015eanl\u0131urfa\u2019n\u0131n simgesi Bal\u0131kl\u0131g\u00f6l, manevi atmosferiyle ziyaret eden herkesi derinden etkiler.<br>Hz. \u0130brahim\u2019in ate\u015fe at\u0131ld\u0131\u011f\u0131 yer olarak bilinen bu kutsal mek\u00e2nda, sakinlik ve huzur ad\u0131m ba\u015f\u0131 hissedilir. Tarihi \u00e7ar\u015f\u0131lar, camiler ve Urfa\u2019n\u0131n kendine has k\u00fclt\u00fcr\u00fcyle birle\u015fen bu tur, ruhunuza iyi gelecek.<\/p>\n\n\n\n<hr class=\"wp-block-separator has-alpha-channel-opacity is-style-wide\"\/>\n\n\n<div class=\"wp-block-image\">\n<figure class=\"alignleft size-medium\"><img loading=\"lazy\" decoding=\"async\" width=\"300\" height=\"150\" src=\"http:\/\/rumkaletur.com\/wp-content\/uploads\/2026\/01\/Gaziantep-adiyaman-tarihi-yerler-2-300x150.jpg\" alt=\"\" class=\"wp-image-132\" srcset=\"https:\/\/rumkaletur.com\/wp-content\/uploads\/2026\/01\/Gaziantep-adiyaman-tarihi-yerler-2-300x150.jpg 300w, https:\/\/rumkaletur.com\/wp-content\/uploads\/2026\/01\/Gaziantep-adiyaman-tarihi-yerler-2-768x384.jpg 768w, https:\/\/rumkaletur.com\/wp-content\/uploads\/2026\/01\/Gaziantep-adiyaman-tarihi-yerler-2.jpg 840w\" sizes=\"auto, (max-width: 300px) 100vw, 300px\" \/><\/figure>\n<\/div>\n\n\n<p><strong>Ad\u0131yaman &nbsp;Nemrut Turu<\/strong><\/p>\n\n\n\n<p><strong>G\u00fcne\u015fin heykellerle selamla\u015ft\u0131\u011f\u0131 zirve<\/strong> Nemrut Da\u011f\u0131, g\u00fcn do\u011fumu ve g\u00fcn bat\u0131m\u0131nda sundu\u011fu manzarayla d\u00fcnyan\u0131n say\u0131l\u0131 noktalar\u0131ndan biridir.<br>Devasa heykeller, binlerce y\u0131ll\u0131k tarih ve zirveden izlenen e\u015fsiz manzara\u2026<br>Ad\u0131yaman \u2013 Nemrut turumuzda, Kommagene Krall\u0131\u011f\u0131\u2019n\u0131n izlerini s\u00fcrerken hem tarihe tan\u0131kl\u0131k edecek hem de do\u011fan\u0131n b\u00fcy\u00fcs\u00fcne kap\u0131lacaks\u0131n\u0131z.<\/p>\n\n\n\n<hr class=\"wp-block-separator has-alpha-channel-opacity is-style-wide\"\/>\n\n\n<div class=\"wp-block-image\">\n<figure class=\"alignleft size-medium\"><img loading=\"lazy\" decoding=\"async\" width=\"300\" height=\"300\" src=\"http:\/\/rumkaletur.com\/wp-content\/uploads\/2026\/01\/Gaziantep-umre-kabe-ziyareti-4-300x300.jpg\" alt=\"\" class=\"wp-image-136\" srcset=\"https:\/\/rumkaletur.com\/wp-content\/uploads\/2026\/01\/Gaziantep-umre-kabe-ziyareti-4-300x300.jpg 300w, https:\/\/rumkaletur.com\/wp-content\/uploads\/2026\/01\/Gaziantep-umre-kabe-ziyareti-4-150x150.jpg 150w, https:\/\/rumkaletur.com\/wp-content\/uploads\/2026\/01\/Gaziantep-umre-kabe-ziyareti-4-768x768.jpg 768w, https:\/\/rumkaletur.com\/wp-content\/uploads\/2026\/01\/Gaziantep-umre-kabe-ziyareti-4.jpg 1000w\" sizes=\"auto, (max-width: 300px) 100vw, 300px\" \/><\/figure>\n<\/div>\n\n\n<p><strong>Umre Turu<\/strong><\/p>\n\n\n\n<p><strong>Manevi yolculu\u011funuzda g\u00fcven ve huzur<\/strong><\/p>\n\n\n\n<p>Umre, kalpten kalbe yap\u0131lan kutsal bir yolculuktur.<br>Tecr\u00fcbeli rehberlerimiz, konforlu konaklama ve titizlikle haz\u0131rlanan programlar\u0131m\u0131zla bu manevi yolculukta yan\u0131n\u0131zday\u0131z.<br>G\u00f6n\u00fcl rahatl\u0131\u011f\u0131yla ibadetinize odaklanabilece\u011finiz, her detay\u0131 d\u00fc\u015f\u00fcn\u00fclm\u00fc\u015f umre organizasyonlar\u0131 sunuyoruz.<\/p>\n\n\n\n<p><\/p>\n\n\n\n<hr class=\"wp-block-separator has-alpha-channel-opacity is-style-wide\"\/>\n","protected":false},"excerpt":{"rendered":"<p>Tarihin Kalbine Modern Bir Yolculuk Neden Rumkaletur? G\u00fcneydo\u011fu Anadolu\u2019nun mistik atmosferini; G\u00f6beklitepe\u2019nin gizeminden Mardin\u2019in ta\u015f sokaklar\u0131na, Gaziantep\u2019in e\u015fsiz lezzet duraklar\u0131ndan[&#8230;]<\/p>\n","protected":false},"author":1,"featured_media":0,"parent":0,"menu_order":0,"comment_status":"closed","ping_status":"closed","template":"","meta":{"footnotes":""},"class_list":["post-75","page","type-page","status-publish","hentry"],"_links":{"self":[{"href":"https:\/\/rumkaletur.com\/index.php\/wp-json\/wp\/v2\/pages\/75","targetHints":{"allow":["GET"]}}],"collection":[{"href":"https:\/\/rumkaletur.com\/index.php\/wp-json\/wp\/v2\/pages"}],"about":[{"href":"https:\/\/rumkaletur.com\/index.php\/wp-json\/wp\/v2\/types\/page"}],"author":[{"embeddable":true,"href":"https:\/\/rumkaletur.com\/index.php\/wp-json\/wp\/v2\/users\/1"}],"replies":[{"embeddable":true,"href":"https:\/\/rumkaletur.com\/index.php\/wp-json\/wp\/v2\/comments?post=75"}],"version-history":[{"count":28,"href":"https:\/\/rumkaletur.com\/index.php\/wp-json\/wp\/v2\/pages\/75\/revisions"}],"predecessor-version":[{"id":156,"href":"https:\/\/rumkaletur.com\/index.php\/wp-json\/wp\/v2\/pages\/75\/revisions\/156"}],"wp:attachment":[{"href":"https:\/\/rumkaletur.com\/index.php\/wp-json\/wp\/v2\/media?parent=75"}],"curies":[{"name":"wp","href":"https:\/\/api.w.org\/{rel}","templated":true}]}}