{"id":145,"date":"2026-01-11T19:02:23","date_gmt":"2026-01-11T16:02:23","guid":{"rendered":"http:\/\/rumkaletur.com\/?page_id=145"},"modified":"2026-01-17T23:03:24","modified_gmt":"2026-01-17T20:03:24","slug":"iletisim","status":"publish","type":"page","link":"https:\/\/rumkaletur.com\/index.php\/iletisim\/","title":{"rendered":"\u0130leti\u015fim"},"content":{"rendered":"<div class=\"forminator-ui forminator-custom-form forminator-custom-form-151 forminator-design--default  forminator_ajax\" data-forminator-render=\"0\" data-form=\"forminator-module-151\" data-uid=\"69e4cf7c00c11\"><br\/><\/div><form\n\t\t\t\tid=\"forminator-module-151\"\n\t\t\t\tclass=\"forminator-ui forminator-custom-form forminator-custom-form-151 forminator-design--default  forminator_ajax\"\n\t\t\t\tmethod=\"post\"\n\t\t\t\tdata-forminator-render=\"0\"\n\t\t\t\tdata-form-id=\"151\"\n\t\t\t\t data-color-option=\"theme\" data-design=\"default\" data-grid=\"open\" style=\"display: none;\"\n\t\t\t\tdata-uid=\"69e4cf7c00c11\"\n\t\t\t><div role=\"alert\" aria-live=\"polite\" class=\"forminator-response-message forminator-error\" aria-hidden=\"true\"><\/div><div class=\"forminator-row\"><div id=\"name-1\" class=\"forminator-field-name forminator-col forminator-col-12 \"><div class=\"forminator-field\"><label for=\"forminator-field-name-1_69e4cf7c00c11\" id=\"forminator-field-name-1_69e4cf7c00c11-label\" class=\"forminator-label\">Ad\u0131n\u0131z <span class=\"forminator-required\">*<\/span><\/label><input type=\"text\" name=\"name-1\" value=\"\" placeholder=\"\" id=\"forminator-field-name-1_69e4cf7c00c11\" class=\"forminator-input forminator-name--field\" aria-required=\"true\" autocomplete=\"name\" \/><\/div><\/div><\/div><div class=\"forminator-row\"><div id=\"email-1\" class=\"forminator-field-email forminator-col forminator-col-12 \"><div class=\"forminator-field\"><label for=\"forminator-field-email-1_69e4cf7c00c11\" id=\"forminator-field-email-1_69e4cf7c00c11-label\" class=\"forminator-label\">Email <span class=\"forminator-required\">*<\/span><\/label><input type=\"email\" name=\"email-1\" value=\"\" placeholder=\"\" id=\"forminator-field-email-1_69e4cf7c00c11\" class=\"forminator-input forminator-email--field\" data-required=\"true\" aria-required=\"true\" autocomplete=\"email\" \/><\/div><\/div><\/div><div class=\"forminator-row\"><div id=\"phone-1\" class=\"forminator-field-phone forminator-col forminator-col-12 \"><div class=\"forminator-field\"><label for=\"forminator-field-phone-1_69e4cf7c00c11\" id=\"forminator-field-phone-1_69e4cf7c00c11-label\" class=\"forminator-label\">Telefon Numaras\u0131<\/label><input type=\"text\" name=\"phone-1\" value=\"\" placeholder=\"\" id=\"forminator-field-phone-1_69e4cf7c00c11\" class=\"forminator-input forminator-field--phone\" data-required=\"\" aria-required=\"false\" autocomplete=\"off\" \/><\/div><\/div><\/div><div class=\"forminator-row\"><div id=\"textarea-1\" class=\"forminator-field-textarea forminator-col forminator-col-12 \"><div class=\"forminator-field\"><label for=\"forminator-field-textarea-1_69e4cf7c00c11\" id=\"forminator-field-textarea-1_69e4cf7c00c11-label\" class=\"forminator-label\">Mesaj<\/label><span id=\"forminator-field-textarea-1_69e4cf7c00c11-description\" class=\"forminator-description\"><span data-limit=\"180\" data-type=\"characters\" data-editor=\"\">0 \/ 180<\/span><\/span><textarea name=\"textarea-1\" placeholder=\"\" id=\"forminator-field-textarea-1_69e4cf7c00c11\" class=\"forminator-textarea\" rows=\"6\" style=\"min-height:140px;\" maxlength=\"180\" ><\/textarea><\/div><\/div><\/div><input type=\"hidden\" name=\"referer_url\" value=\"\" \/><div class=\"forminator-row forminator-row-last\"><div class=\"forminator-col\"><div class=\"forminator-field\"><button class=\"forminator-button forminator-button-submit\">G&ouml;nder<\/button><\/div><\/div><\/div><input type=\"hidden\" id=\"forminator_nonce\" name=\"forminator_nonce\" value=\"1a9c6372aa\" \/><input type=\"hidden\" name=\"_wp_http_referer\" value=\"\/index.php\/wp-json\/wp\/v2\/pages\/145\" \/><input type=\"hidden\" name=\"form_id\" value=\"151\"><input type=\"hidden\" name=\"page_id\" value=\"145\"><input type=\"hidden\" name=\"form_type\" value=\"default\"><input type=\"hidden\" name=\"current_url\" value=\"https:\/\/rumkaletur.com\/index.php\/iletisim\/\"><input type=\"hidden\" name=\"render_id\" value=\"0\"><input type=\"hidden\" name=\"action\" value=\"forminator_submit_form_custom-forms\"><\/form>\n\n\n\n<p>Adres : Cabi Mahallesi \u015fahinbey Verem sava\u015f dispanser Sokak No:13 \u015eahinbey \/ Gaziantep<\/p>\n\n\n\n<p>Tel : +90 531 919 27 07<\/p>\n\n\n\n<p>E-mail : info@rumkaletur.com<\/p>\n","protected":false},"excerpt":{"rendered":"<p>Adres : Cabi Mahallesi \u015fahinbey Verem sava\u015f dispanser Sokak No:13 \u015eahinbey \/ Gaziantep Tel : +90 531 919 27 07[&#8230;]<\/p>\n","protected":false},"author":1,"featured_media":0,"parent":0,"menu_order":0,"comment_status":"closed","ping_status":"closed","template":"","meta":{"footnotes":""},"class_list":["post-145","page","type-page","status-publish","hentry"],"_links":{"self":[{"href":"https:\/\/rumkaletur.com\/index.php\/wp-json\/wp\/v2\/pages\/145","targetHints":{"allow":["GET"]}}],"collection":[{"href":"https:\/\/rumkaletur.com\/index.php\/wp-json\/wp\/v2\/pages"}],"about":[{"href":"https:\/\/rumkaletur.com\/index.php\/wp-json\/wp\/v2\/types\/page"}],"author":[{"embeddable":true,"href":"https:\/\/rumkaletur.com\/index.php\/wp-json\/wp\/v2\/users\/1"}],"replies":[{"embeddable":true,"href":"https:\/\/rumkaletur.com\/index.php\/wp-json\/wp\/v2\/comments?post=145"}],"version-history":[{"count":8,"href":"https:\/\/rumkaletur.com\/index.php\/wp-json\/wp\/v2\/pages\/145\/revisions"}],"predecessor-version":[{"id":159,"href":"https:\/\/rumkaletur.com\/index.php\/wp-json\/wp\/v2\/pages\/145\/revisions\/159"}],"wp:attachment":[{"href":"https:\/\/rumkaletur.com\/index.php\/wp-json\/wp\/v2\/media?parent=145"}],"curies":[{"name":"wp","href":"https:\/\/api.w.org\/{rel}","templated":true}]}}